{"id":131,"date":"2026-02-07T13:53:49","date_gmt":"2026-02-07T13:53:49","guid":{"rendered":"https:\/\/proflaurafeldt.dk\/?page_id=131"},"modified":"2026-02-07T20:05:07","modified_gmt":"2026-02-07T20:05:07","slug":"people","status":"publish","type":"page","link":"https:\/\/proflaurafeldt.dk\/index.php\/research\/total-devotion\/people\/","title":{"rendered":"People"},"content":{"rendered":"\n<div class=\"wp-block-cover alignfull has-parallax\" style=\"min-height:133px;aspect-ratio:unset;\"><div class=\"wp-block-cover__image-background has-parallax\" style=\"background-position:50% 50%;background-image:url(https:\/\/s.w.org\/images\/core\/5.8\/art-01.jpg)\"><\/div><span aria-hidden=\"true\" class=\"wp-block-cover__background has-background-dim-40 has-background-dim\" style=\"background-color:#000000\"><\/span><div class=\"wp-block-cover__inner-container is-layout-flow wp-block-cover-is-layout-flow\">\n<h1 class=\"wp-block-heading\"><strong>People<\/strong><\/h1>\n<\/div><\/div>\n\n\n\n<h3 class=\"wp-block-heading has-text-align-center\"><strong>Principal investigator:<\/strong> <\/h3>\n\n\n\n<p class=\"has-text-align-center\"><a href=\"https:\/\/www4.uib.no\/en\/find-employees\/Laura.Feldt\" data-type=\"link\" data-id=\"https:\/\/www4.uib.no\/en\/find-employees\/Laura.Feldt\">Laura Feldt (Professor, UiB, SDU)<\/a><\/p>\n\n\n\n<div class=\"wp-block-columns is-layout-flex wp-container-core-columns-is-layout-28f84493 wp-block-columns-is-layout-flex\">\n<div class=\"wp-block-column is-layout-flow wp-block-column-is-layout-flow\"><\/div>\n\n\n\n<div class=\"wp-block-column is-layout-flow wp-block-column-is-layout-flow\"><\/div>\n<\/div>\n\n\n\n<h3 class=\"wp-block-heading has-text-align-center\"><strong>Team members<\/strong>:<\/h3>\n\n\n\n<div class=\"wp-block-columns is-layout-flex wp-container-core-columns-is-layout-28f84493 wp-block-columns-is-layout-flex\">\n<div class=\"wp-block-column is-layout-flow wp-block-column-is-layout-flow\">\n<p class=\"has-text-align-center\"><a href=\"https:\/\/www.sol.lu.se\/en\/person\/christianhogel\/\" data-type=\"link\" data-id=\"https:\/\/www.sol.lu.se\/en\/person\/christianhogel\/\">Christian H\u00f8gel (Professor, Lund University)<\/a><\/p>\n<\/div>\n\n\n\n<div class=\"wp-block-column is-layout-flow wp-block-column-is-layout-flow\">\n<p class=\"has-text-align-center\"><a href=\"https:\/\/rug.academia.edu\/JanBremmer\" data-type=\"link\" data-id=\"https:\/\/rug.academia.edu\/JanBremmer\">Jan N. Bremmer (Professor Emeritus,  University of Groningen)<\/a><\/p>\n<\/div>\n<\/div>\n\n\n\n<div class=\"wp-block-columns is-layout-flex wp-container-core-columns-is-layout-28f84493 wp-block-columns-is-layout-flex\">\n<div class=\"wp-block-column is-layout-flow wp-block-column-is-layout-flow\">\n<p class=\"has-text-align-center\"><a href=\"https:\/\/research.vu.nl\/en\/persons\/klazina-staat\/\">Klazina Staat (Assistant Professor, vrije universiteit amsterdam)<\/a><\/p>\n<\/div>\n\n\n\n<div class=\"wp-block-column is-layout-flow wp-block-column-is-layout-flow\">\n<p class=\"has-text-align-center\">Tamara Holkenov (PhD)<\/p>\n<\/div>\n<\/div>\n\n\n\n<div class=\"wp-block-columns is-layout-flex wp-container-core-columns-is-layout-28f84493 wp-block-columns-is-layout-flex\">\n<div class=\"wp-block-column is-layout-flow wp-block-column-is-layout-flow\">\n<p class=\"has-text-align-center\"><a href=\"https:\/\/portal.findresearcher.sdu.dk\/da\/persons\/miladbah\/\" data-type=\"link\" data-id=\"https:\/\/portal.findresearcher.sdu.dk\/da\/persons\/miladbah\/\">Milad Bahadori (Research assistant, PhD student, SDU)<\/a><\/p>\n<\/div>\n\n\n\n<div class=\"wp-block-column is-layout-flow wp-block-column-is-layout-flow\">\n<p class=\"has-text-align-center\"><a href=\"https:\/\/orcid.org\/0009-0007-1121-3019\">Lauritz Holm Petersen (Research assistant, PhD)<\/a><\/p>\n<\/div>\n<\/div>\n\n\n\n<p><\/p>\n\n\n\n<h3 class=\"wp-block-heading has-text-align-center\"><strong>International Collaborators<\/strong>:<\/h3>\n\n\n\n<div class=\"wp-block-columns is-layout-flex wp-container-core-columns-is-layout-28f84493 wp-block-columns-is-layout-flex\">\n<div class=\"wp-block-column is-layout-flow wp-block-column-is-layout-flow\">\n<p class=\"has-text-align-center\"><a href=\"https:\/\/www4.uib.no\/finn-ansatte\/Anne.Ingvild.S%C3%A6lid.Gilhus\">Anne Ingvild Gilhus (Professor Emerita, UiB)<\/a><\/p>\n<\/div>\n\n\n\n<div class=\"wp-block-column is-layout-flow wp-block-column-is-layout-flow\">\n<p class=\"has-text-align-center\"><a href=\"https:\/\/research-information.bris.ac.uk\/en\/persons\/esther-eidinow\/\">Esther Eidinow (Professor, University of Bristol)<\/a><\/p>\n<\/div>\n<\/div>\n\n\n\n<div class=\"wp-block-columns is-layout-flex wp-container-core-columns-is-layout-28f84493 wp-block-columns-is-layout-flex\">\n<div class=\"wp-block-column is-layout-flow wp-block-column-is-layout-flow\">\n<p class=\"has-text-align-center\"><a href=\"https:\/\/uni-erfurt.academia.edu\/JoergRuepke\" data-type=\"link\" data-id=\"https:\/\/uni-erfurt.academia.edu\/JoergRuepke\">J\u00f6rg R\u00fcpke (Professor, Universit\u00e4t Erfurt)<\/a><\/p>\n<\/div>\n<\/div>\n","protected":false},"excerpt":{"rendered":"<p>Principal investigator: Laura Feldt (Professor, UiB, SDU) Team members: Christian H\u00f8gel (Professor, Lund University) Jan N. Bremmer (Professor Emeritus, University of Groningen) Klazina Staat (Assistant Professor, vrije universiteit amsterdam) Tamara Holkenov (PhD) Milad Bahadori (Research assistant, PhD student, SDU) Lauritz Holm Petersen (Research assistant, PhD) International Collaborators: Anne Ingvild Gilhus (Professor Emerita, UiB) Esther Eidinow [&hellip;]<\/p>\n","protected":false},"author":1,"featured_media":0,"parent":80,"menu_order":0,"comment_status":"closed","ping_status":"closed","template":"","meta":{"footnotes":""},"class_list":["post-131","page","type-page","status-publish","hentry"],"_links":{"self":[{"href":"https:\/\/proflaurafeldt.dk\/index.php\/wp-json\/wp\/v2\/pages\/131","targetHints":{"allow":["GET"]}}],"collection":[{"href":"https:\/\/proflaurafeldt.dk\/index.php\/wp-json\/wp\/v2\/pages"}],"about":[{"href":"https:\/\/proflaurafeldt.dk\/index.php\/wp-json\/wp\/v2\/types\/page"}],"author":[{"embeddable":true,"href":"https:\/\/proflaurafeldt.dk\/index.php\/wp-json\/wp\/v2\/users\/1"}],"replies":[{"embeddable":true,"href":"https:\/\/proflaurafeldt.dk\/index.php\/wp-json\/wp\/v2\/comments?post=131"}],"version-history":[{"count":6,"href":"https:\/\/proflaurafeldt.dk\/index.php\/wp-json\/wp\/v2\/pages\/131\/revisions"}],"predecessor-version":[{"id":149,"href":"https:\/\/proflaurafeldt.dk\/index.php\/wp-json\/wp\/v2\/pages\/131\/revisions\/149"}],"up":[{"embeddable":true,"href":"https:\/\/proflaurafeldt.dk\/index.php\/wp-json\/wp\/v2\/pages\/80"}],"wp:attachment":[{"href":"https:\/\/proflaurafeldt.dk\/index.php\/wp-json\/wp\/v2\/media?parent=131"}],"curies":[{"name":"wp","href":"https:\/\/api.w.org\/{rel}","templated":true}]}}