{"id":94,"date":"2026-02-05T10:58:40","date_gmt":"2026-02-05T10:58:40","guid":{"rendered":"https:\/\/proflaurafeldt.dk\/?page_id=94"},"modified":"2026-02-14T20:35:47","modified_gmt":"2026-02-14T20:35:47","slug":"total-devotion-podcast","status":"publish","type":"page","link":"https:\/\/proflaurafeldt.dk\/index.php\/research\/total-devotion\/total-devotion-podcast\/","title":{"rendered":"Total Devotion Podcast"},"content":{"rendered":"\n<div class=\"wp-block-cover alignfull has-accent-1-color has-text-color has-link-color wp-elements-9a682ef56956f31e1ea639155d6af95d wp-duotone-rgb515151-ccc-1\" style=\"margin-top:0;margin-bottom:0;padding-top:var(--wp--preset--spacing--50);padding-right:var(--wp--preset--spacing--50);padding-bottom:var(--wp--preset--spacing--50);padding-left:var(--wp--preset--spacing--50);min-height:100vh;aspect-ratio:unset;\"><img loading=\"lazy\" decoding=\"async\" width=\"683\" height=\"1024\" class=\"wp-block-cover__image-background wp-image-157 size-large\" alt=\"\" src=\"http:\/\/proflaurafeldt.dk\/wp-content\/uploads\/2026\/02\/ChatGPT-Image-8.-feb.-2026-20.33.05-683x1024.png\" data-object-fit=\"cover\" srcset=\"https:\/\/proflaurafeldt.dk\/wp-content\/uploads\/2026\/02\/ChatGPT-Image-8.-feb.-2026-20.33.05-683x1024.png 683w, https:\/\/proflaurafeldt.dk\/wp-content\/uploads\/2026\/02\/ChatGPT-Image-8.-feb.-2026-20.33.05-200x300.png 200w, https:\/\/proflaurafeldt.dk\/wp-content\/uploads\/2026\/02\/ChatGPT-Image-8.-feb.-2026-20.33.05-768x1152.png 768w, https:\/\/proflaurafeldt.dk\/wp-content\/uploads\/2026\/02\/ChatGPT-Image-8.-feb.-2026-20.33.05.png 1024w\" sizes=\"auto, (max-width: 683px) 100vw, 683px\" \/><span aria-hidden=\"true\" class=\"wp-block-cover__background has-contrast-background-color has-background-dim-30 has-background-dim\"><\/span><div class=\"wp-block-cover__inner-container has-global-padding is-layout-constrained wp-container-core-cover-is-layout-b25ccd55 wp-block-cover-is-layout-constrained\">\n<div class=\"wp-block-group alignwide is-vertical is-content-justification-stretch is-layout-flex wp-container-core-group-is-layout-ae24f51d wp-block-group-is-layout-flex\" style=\"min-height:100vh\">\n<div class=\"wp-block-columns alignwide is-layout-flex wp-container-core-columns-is-layout-7f3773af wp-block-columns-is-layout-flex\">\n<div class=\"wp-block-column is-layout-flow wp-block-column-is-layout-flow\" style=\"flex-basis:80%\">\n<h2 class=\"wp-block-heading alignwide has-text-align-left\" style=\"font-size:12vw;font-style:normal;font-weight:300;line-height:0.9\">Total Devotion Podcast<\/h2>\n<\/div>\n\n\n\n<div class=\"wp-block-column is-layout-flow wp-block-column-is-layout-flow\" style=\"flex-basis:20%\">\n<p class=\"has-text-align-right\">Bergen, 2025<\/p>\n<\/div>\n<\/div>\n\n\n\n<div class=\"wp-block-columns alignwide are-vertically-aligned-bottom is-not-stacked-on-mobile is-layout-flex wp-container-core-columns-is-layout-28f84493 wp-block-columns-is-layout-flex\">\n<div class=\"wp-block-column is-vertically-aligned-bottom is-layout-flow wp-block-column-is-layout-flow\" style=\"flex-basis:80%\">\n<h2 class=\"wp-block-heading alignwide has-text-align-left has-xx-large-font-size\" style=\"font-style:normal;font-weight:300;line-height:0.9\">P\u00e5 dansk v. Laura Feldt og Lauritz H. Petersen<\/h2>\n<\/div>\n<\/div>\n<\/div>\n<\/div><\/div>\n\n\n\n<div class=\"wp-block-group alignfull has-global-padding is-layout-constrained wp-block-group-is-layout-constrained\" style=\"margin-top:0;margin-bottom:0;padding-top:var(--wp--preset--spacing--50);padding-bottom:var(--wp--preset--spacing--50)\">\n<div class=\"wp-block-columns alignwide is-layout-flex wp-container-core-columns-is-layout-fa584acd wp-block-columns-is-layout-flex\">\n<div class=\"wp-block-column is-vertically-aligned-center is-layout-flow wp-block-column-is-layout-flow\">\n<h2 class=\"wp-block-heading has-xx-large-font-size\">About the book<\/h2>\n\n\n\n<p class=\"has-medium-font-size\">I denne korte podcastserie taler forskningsassistent og ph.d. Lauritz H. Petersen med Total Devotion-projektets forskningsleder, professor Laura Feldt, om projektets m\u00e5l, metoder, teorier og vigtigste resultater. Samtalerne giver et indblik i, hvordan Total Devotion-forskerne har unders\u00f8gt radikal religion, og hvordan projektets centrale fokus p\u00e5 f\u00f8lelser og fort\u00e6llinger kan kaste nyt lys over f\u00e6nomenet p\u00e5 tv\u00e6rs af tid og kultur: fra senmiddelalderens helgentekstkultur til nutidens accelererede informationsstr\u00f8mme.<\/p>\n<\/div>\n\n\n\n<div class=\"wp-block-column is-vertically-aligned-center is-layout-flow wp-block-column-is-layout-flow\">\n<div class=\"wp-block-columns is-layout-flex wp-container-core-columns-is-layout-28f84493 wp-block-columns-is-layout-flex\">\n<div class=\"wp-block-column is-layout-flow wp-block-column-is-layout-flow\" style=\"flex-basis:100%\">\n<div class=\"wp-block-columns is-layout-flex wp-container-core-columns-is-layout-28f84493 wp-block-columns-is-layout-flex\">\n<div class=\"wp-block-column is-layout-flow wp-block-column-is-layout-flow\">\n<figure class=\"wp-block-image size-large is-resized\"><img loading=\"lazy\" decoding=\"async\" width=\"768\" height=\"1024\" src=\"http:\/\/proflaurafeldt.dk\/wp-content\/uploads\/2026\/02\/LF-sept-20251-768x1024.jpg\" alt=\"\" class=\"wp-image-67\" style=\"aspect-ratio:0.7500101903558473;width:273px;height:auto\" srcset=\"https:\/\/proflaurafeldt.dk\/wp-content\/uploads\/2026\/02\/LF-sept-20251-768x1024.jpg 768w, https:\/\/proflaurafeldt.dk\/wp-content\/uploads\/2026\/02\/LF-sept-20251-225x300.jpg 225w, https:\/\/proflaurafeldt.dk\/wp-content\/uploads\/2026\/02\/LF-sept-20251-1152x1536.jpg 1152w, https:\/\/proflaurafeldt.dk\/wp-content\/uploads\/2026\/02\/LF-sept-20251-1536x2048.jpg 1536w, https:\/\/proflaurafeldt.dk\/wp-content\/uploads\/2026\/02\/LF-sept-20251-scaled.jpg 1920w\" sizes=\"auto, (max-width: 768px) 100vw, 768px\" \/><\/figure>\n<\/div>\n\n\n\n<div class=\"wp-block-column is-layout-flow wp-block-column-is-layout-flow\">\n<figure class=\"wp-block-image size-large\"><img loading=\"lazy\" decoding=\"async\" width=\"1024\" height=\"787\" src=\"http:\/\/proflaurafeldt.dk\/wp-content\/uploads\/2026\/02\/241023389_10226753536534207_2883998352062126265_n-1024x787.jpg\" alt=\"\" class=\"wp-image-184\" srcset=\"https:\/\/proflaurafeldt.dk\/wp-content\/uploads\/2026\/02\/241023389_10226753536534207_2883998352062126265_n-1024x787.jpg 1024w, https:\/\/proflaurafeldt.dk\/wp-content\/uploads\/2026\/02\/241023389_10226753536534207_2883998352062126265_n-300x231.jpg 300w, https:\/\/proflaurafeldt.dk\/wp-content\/uploads\/2026\/02\/241023389_10226753536534207_2883998352062126265_n-768x590.jpg 768w, https:\/\/proflaurafeldt.dk\/wp-content\/uploads\/2026\/02\/241023389_10226753536534207_2883998352062126265_n-1536x1181.jpg 1536w, https:\/\/proflaurafeldt.dk\/wp-content\/uploads\/2026\/02\/241023389_10226753536534207_2883998352062126265_n.jpg 2048w\" sizes=\"auto, (max-width: 1024px) 100vw, 1024px\" \/><\/figure>\n<\/div>\n<\/div>\n<\/div>\n<\/div>\n<\/div>\n<\/div>\n<\/div>\n\n\n\n<h2 class=\"wp-block-heading\"><\/h2>\n\n\n\n<p>Afsnit 1: Introduktion til projektet<\/p>\n\n\n\n<figure class=\"wp-block-audio\"><audio controls src=\"https:\/\/proflaurafeldt.dk\/wp-content\/uploads\/2026\/02\/Afsnit-1-Introduktion-af-Total-Devotion-2.wav\"><\/audio><\/figure>\n\n\n\n<p>Afsnit 2: Teori og metode<\/p>\n\n\n\n<figure class=\"wp-block-audio\"><audio controls src=\"https:\/\/proflaurafeldt.dk\/wp-content\/uploads\/2026\/02\/Afsnit-2-Teori-og-metode.wav\"><\/audio><\/figure>\n\n\n\n<p>Afsnit 3: Det historiske perspektiv fra oldtiden til idag<\/p>\n\n\n\n<figure class=\"wp-block-audio\"><audio controls src=\"https:\/\/proflaurafeldt.dk\/wp-content\/uploads\/2026\/02\/Afsnit-3-det-historiske-perspektiv-fra-oldtid-til-i-dag.wav\"><\/audio><\/figure>\n","protected":false},"excerpt":{"rendered":"<p>About the book I denne korte podcastserie taler forskningsassistent og ph.d. Lauritz H. Petersen med Total Devotion-projektets forskningsleder, professor Laura Feldt, om projektets m\u00e5l, metoder, teorier og vigtigste resultater. Samtalerne giver et indblik i, hvordan Total Devotion-forskerne har unders\u00f8gt radikal religion, og hvordan projektets centrale fokus p\u00e5 f\u00f8lelser og fort\u00e6llinger kan kaste nyt lys over [&hellip;]<\/p>\n","protected":false},"author":1,"featured_media":0,"parent":80,"menu_order":0,"comment_status":"closed","ping_status":"closed","template":"","meta":{"footnotes":""},"class_list":["post-94","page","type-page","status-publish","hentry"],"_links":{"self":[{"href":"https:\/\/proflaurafeldt.dk\/index.php\/wp-json\/wp\/v2\/pages\/94","targetHints":{"allow":["GET"]}}],"collection":[{"href":"https:\/\/proflaurafeldt.dk\/index.php\/wp-json\/wp\/v2\/pages"}],"about":[{"href":"https:\/\/proflaurafeldt.dk\/index.php\/wp-json\/wp\/v2\/types\/page"}],"author":[{"embeddable":true,"href":"https:\/\/proflaurafeldt.dk\/index.php\/wp-json\/wp\/v2\/users\/1"}],"replies":[{"embeddable":true,"href":"https:\/\/proflaurafeldt.dk\/index.php\/wp-json\/wp\/v2\/comments?post=94"}],"version-history":[{"count":4,"href":"https:\/\/proflaurafeldt.dk\/index.php\/wp-json\/wp\/v2\/pages\/94\/revisions"}],"predecessor-version":[{"id":212,"href":"https:\/\/proflaurafeldt.dk\/index.php\/wp-json\/wp\/v2\/pages\/94\/revisions\/212"}],"up":[{"embeddable":true,"href":"https:\/\/proflaurafeldt.dk\/index.php\/wp-json\/wp\/v2\/pages\/80"}],"wp:attachment":[{"href":"https:\/\/proflaurafeldt.dk\/index.php\/wp-json\/wp\/v2\/media?parent=94"}],"curies":[{"name":"wp","href":"https:\/\/api.w.org\/{rel}","templated":true}]}}